{"id":1000000000,"date":"2025-03-28T01:00:00","date_gmt":"2025-03-28T00:00:00","guid":{"rendered":"https:\/\/www.x-tremetuning.ch\/de\/?page_id=1000000000"},"modified":"2025-03-30T00:26:36","modified_gmt":"2025-03-29T23:26:36","slug":"p-00000000","status":"publish","type":"page","link":"https:\/\/mail.x-tremetuning.ch\/de\/","title":{"rendered":"Startseite"},"content":{"rendered":"\n<style type=\"text\/css\" data-created_by=\"avia_inline_auto\" id=\"style-css-av-m8ukz0kb-21e1fc9ae2eecac94d45aad726507f78\">\n.avia-image-container.av-m8ukz0kb-21e1fc9ae2eecac94d45aad726507f78 img.avia_image{\nbox-shadow:none;\n}\n.avia-image-container.av-m8ukz0kb-21e1fc9ae2eecac94d45aad726507f78 .av-image-caption-overlay-center{\ncolor:#ffffff;\n}\n<\/style>\n<div  class='avia-image-container av-m8ukz0kb-21e1fc9ae2eecac94d45aad726507f78 av-styling- avia-align-center  avia-builder-el-0  el_before_av_heading  avia-builder-el-first '   itemprop=\"image\" itemscope=\"itemscope\" itemtype=\"https:\/\/schema.org\/ImageObject\" ><div class=\"avia-image-container-inner\"><div class=\"avia-image-overlay-wrap\"><img decoding=\"async\" fetchpriority=\"high\" class='wp-image-1000000500 avia-img-lazy-loading-not-1000000500 avia_image ' src=\"https:\/\/www.x-tremetuning.ch\/general\/images\/divers\/1000000500.png\" alt='X-tremeTuning IT-Solutions' title='X-tremeTuning IT-Solutions'  height=\"342\" width=\"1210\"  itemprop=\"thumbnailUrl\" srcset=\"https:\/\/www.x-tremetuning.ch\/general\/images\/divers\/1000000500.png 1210w, https:\/\/www.x-tremetuning.ch\/general\/images\/divers\/1000000500-300x85.png 300w, https:\/\/www.x-tremetuning.ch\/general\/images\/divers\/1000000500-1030x291.png 1030w, https:\/\/www.x-tremetuning.ch\/general\/images\/divers\/1000000500-768x217.png 768w, https:\/\/www.x-tremetuning.ch\/general\/images\/divers\/1000000500-705x199.png 705w\" sizes=\"(max-width: 1210px) 100vw, 1210px\" \/><\/div><\/div><\/div>\n\n<style type=\"text\/css\" data-created_by=\"avia_inline_auto\" id=\"style-css-av-m8ulbe01-18acd848162032836b03c5d9c855e113\">\n#top .av-special-heading.av-m8ulbe01-18acd848162032836b03c5d9c855e113{\npadding-bottom:10px;\n}\nbody .av-special-heading.av-m8ulbe01-18acd848162032836b03c5d9c855e113 .av-special-heading-tag .heading-char{\nfont-size:25px;\n}\n.av-special-heading.av-m8ulbe01-18acd848162032836b03c5d9c855e113 .av-subheading{\nfont-size:15px;\n}\n<\/style>\n<div  class='av-special-heading av-m8ulbe01-18acd848162032836b03c5d9c855e113 av-special-heading-h1 blockquote elegant-quote elegant-centered  avia-builder-el-1  el_after_av_image  el_before_av_hr '><h1 class='av-special-heading-tag '  itemprop=\"headline\"  ><span class=\"heading-wrap\">X-tremeTuning IT-Solutions<\/span><\/h1><div class='av-subheading av-subheading_below'><p>Ihr Spezialist f\u00fcr Media, Webdesign und Sicherheitssysteme<\/p>\n<\/div><div class=\"special-heading-border\"><div class=\"special-heading-inner-border\"><\/div><\/div><\/div>\n<div  class='hr av-av_hr-bca31578670ae9d408d6d6d291fc57a6 hr-default  avia-builder-el-2  el_after_av_heading  avia-builder-el-last '><span class='hr-inner '><span class=\"hr-inner-style\"><\/span><\/span><\/div>\n","protected":false},"excerpt":{"rendered":"","protected":false},"author":1,"featured_media":0,"parent":0,"menu_order":1,"comment_status":"closed","ping_status":"closed","template":"","meta":{"footnotes":""},"class_list":["post-1000000000","page","type-page","status-publish","hentry"],"yoast_head":"<!-- This site is optimized with the Yoast SEO plugin v27.4 - https:\/\/yoast.com\/product\/yoast-seo-wordpress\/ -->\n<title>X-tremeTuning IT-Solutions - Ihr Spezialist f&uuml;r Media, Webdesign und Sicherheitssysteme<\/title>\n<meta name=\"description\" content=\"X-tremeTuning IT-Solutions aus der Schweiz ist der Spezialist f\u00fcr Media, Webdesign und Sicherheitssysteme f\u00fcr zu Hause, in der Firma oder unterwegs, und ebenfalls aktiv in S\u00fcdwestdeutschland und S\u00fcdfrankreich.\" \/>\n<meta name=\"robots\" content=\"index, follow, max-snippet:-1, max-image-preview:large, max-video-preview:-1\" \/>\n<link rel=\"canonical\" href=\"https:\/\/www.x-tremetuning.ch\/de\/\" \/>\n<meta property=\"og:locale\" content=\"de_DE\" \/>\n<meta property=\"og:type\" content=\"article\" \/>\n<meta property=\"og:title\" content=\"X-tremeTuning IT-Solutions - Ihr Spezialist f&uuml;r Media, Webdesign und Sicherheitssysteme\" \/>\n<meta property=\"og:description\" content=\"X-tremeTuning IT-Solutions aus der Schweiz ist der Spezialist f\u00fcr Media, Webdesign und Sicherheitssysteme f\u00fcr zu Hause, in der Firma oder unterwegs, und ebenfalls aktiv in S\u00fcdwestdeutschland und S\u00fcdfrankreich.\" \/>\n<meta property=\"og:url\" content=\"https:\/\/www.x-tremetuning.ch\/de\/\" \/>\n<meta property=\"og:site_name\" content=\"X-tremeTuning IT-Solutions\" \/>\n<meta property=\"article:modified_time\" content=\"2025-03-29T23:26:36+00:00\" \/>\n<meta property=\"og:image\" content=\"https:\/\/www.x-tremetuning.ch\/general\/images\/divers\/1000000300.png\" \/>\n\t<meta property=\"og:image:width\" content=\"200\" \/>\n\t<meta property=\"og:image:height\" content=\"200\" \/>\n\t<meta property=\"og:image:type\" content=\"image\/png\" \/>\n<meta name=\"twitter:card\" content=\"summary_large_image\" \/>\n<meta name=\"twitter:title\" content=\"X-tremeTuning IT-Solutions - Ihr Spezialist f&uuml;r Media, Webdesign und Sicherheitssysteme\" \/>\n<meta name=\"twitter:description\" content=\"X-tremeTuning IT-Solutions aus der Schweiz ist der Spezialist f\u00fcr Media, Webdesign und Sicherheitssysteme f\u00fcr zu Hause, in der Firma oder unterwegs, und ebenfalls aktiv in S\u00fcdwestdeutschland und S\u00fcdfrankreich.\" \/>\n<meta name=\"twitter:image\" content=\"https:\/\/www.x-tremetuning.ch\/general\/images\/divers\/1000000300.png\" \/>\n<meta name=\"twitter:label1\" content=\"Gesch\u00e4tzte Lesezeit\" \/>\n\t<meta name=\"twitter:data1\" content=\"3\u00a0Minuten\" \/>\n<script type=\"application\/ld+json\" class=\"yoast-schema-graph\">{\"@context\":\"https:\\\/\\\/schema.org\",\"@graph\":[{\"@type\":\"WebPage\",\"@id\":\"https:\\\/\\\/www.x-tremetuning.ch\\\/de\\\/\",\"url\":\"https:\\\/\\\/www.x-tremetuning.ch\\\/de\\\/\",\"name\":\"X-tremeTuning IT-Solutions - Ihr Spezialist f&uuml;r Media, Webdesign und Sicherheitssysteme\",\"isPartOf\":{\"@id\":\"https:\\\/\\\/www.x-tremetuning.ch\\\/de\\\/#website\"},\"datePublished\":\"2025-03-28T00:00:00+00:00\",\"dateModified\":\"2025-03-29T23:26:36+00:00\",\"description\":\"X-tremeTuning IT-Solutions aus der Schweiz ist der Spezialist f\u00fcr Media, Webdesign und Sicherheitssysteme f\u00fcr zu Hause, in der Firma oder unterwegs, und ebenfalls aktiv in S\u00fcdwestdeutschland und S\u00fcdfrankreich.\",\"breadcrumb\":{\"@id\":\"https:\\\/\\\/www.x-tremetuning.ch\\\/de\\\/#breadcrumb\"},\"inLanguage\":\"de\",\"potentialAction\":[{\"@type\":\"ReadAction\",\"target\":[\"https:\\\/\\\/www.x-tremetuning.ch\\\/de\\\/\"]}]},{\"@type\":\"BreadcrumbList\",\"@id\":\"https:\\\/\\\/www.x-tremetuning.ch\\\/de\\\/#breadcrumb\",\"itemListElement\":[{\"@type\":\"ListItem\",\"position\":1,\"name\":\"Startseite\",\"item\":\"https:\\\/\\\/www.x-tremetuning.ch\\\/de\\\/\"},{\"@type\":\"ListItem\",\"position\":2,\"name\":\"Startseite\"}]},{\"@type\":\"WebSite\",\"@id\":\"https:\\\/\\\/www.x-tremetuning.ch\\\/de\\\/#website\",\"url\":\"https:\\\/\\\/www.x-tremetuning.ch\\\/de\\\/\",\"name\":\"X-tremeTuning IT-Solutions\",\"description\":\"Ihr Spezialist f&uuml;r Media, Webdesign und Sicherheitssysteme\",\"potentialAction\":[{\"@type\":\"SearchAction\",\"target\":{\"@type\":\"EntryPoint\",\"urlTemplate\":\"https:\\\/\\\/www.x-tremetuning.ch\\\/de\\\/?s={search_term_string}\"},\"query-input\":{\"@type\":\"PropertyValueSpecification\",\"valueRequired\":true,\"valueName\":\"search_term_string\"}}],\"inLanguage\":\"de\"}]}<\/script>\n<!-- \/ Yoast SEO plugin. -->","yoast_head_json":{"title":"X-tremeTuning IT-Solutions - Ihr Spezialist f&uuml;r Media, Webdesign und Sicherheitssysteme","description":"X-tremeTuning IT-Solutions aus der Schweiz ist der Spezialist f\u00fcr Media, Webdesign und Sicherheitssysteme f\u00fcr zu Hause, in der Firma oder unterwegs, und ebenfalls aktiv in S\u00fcdwestdeutschland und S\u00fcdfrankreich.","robots":{"index":"index","follow":"follow","max-snippet":"max-snippet:-1","max-image-preview":"max-image-preview:large","max-video-preview":"max-video-preview:-1"},"canonical":"https:\/\/www.x-tremetuning.ch\/de\/","og_locale":"de_DE","og_type":"article","og_title":"X-tremeTuning IT-Solutions - Ihr Spezialist f&uuml;r Media, Webdesign und Sicherheitssysteme","og_description":"X-tremeTuning IT-Solutions aus der Schweiz ist der Spezialist f\u00fcr Media, Webdesign und Sicherheitssysteme f\u00fcr zu Hause, in der Firma oder unterwegs, und ebenfalls aktiv in S\u00fcdwestdeutschland und S\u00fcdfrankreich.","og_url":"https:\/\/www.x-tremetuning.ch\/de\/","og_site_name":"X-tremeTuning IT-Solutions","article_modified_time":"2025-03-29T23:26:36+00:00","og_image":[{"width":200,"height":200,"url":"https:\/\/www.x-tremetuning.ch\/general\/images\/divers\/1000000300.png","type":"image\/png"}],"twitter_card":"summary_large_image","twitter_title":"X-tremeTuning IT-Solutions - Ihr Spezialist f&uuml;r Media, Webdesign und Sicherheitssysteme","twitter_description":"X-tremeTuning IT-Solutions aus der Schweiz ist der Spezialist f\u00fcr Media, Webdesign und Sicherheitssysteme f\u00fcr zu Hause, in der Firma oder unterwegs, und ebenfalls aktiv in S\u00fcdwestdeutschland und S\u00fcdfrankreich.","twitter_image":"https:\/\/www.x-tremetuning.ch\/general\/images\/divers\/1000000300.png","twitter_misc":{"Gesch\u00e4tzte Lesezeit":"3\u00a0Minuten"},"schema":{"@context":"https:\/\/schema.org","@graph":[{"@type":"WebPage","@id":"https:\/\/www.x-tremetuning.ch\/de\/","url":"https:\/\/www.x-tremetuning.ch\/de\/","name":"X-tremeTuning IT-Solutions - Ihr Spezialist f&uuml;r Media, Webdesign und Sicherheitssysteme","isPartOf":{"@id":"https:\/\/www.x-tremetuning.ch\/de\/#website"},"datePublished":"2025-03-28T00:00:00+00:00","dateModified":"2025-03-29T23:26:36+00:00","description":"X-tremeTuning IT-Solutions aus der Schweiz ist der Spezialist f\u00fcr Media, Webdesign und Sicherheitssysteme f\u00fcr zu Hause, in der Firma oder unterwegs, und ebenfalls aktiv in S\u00fcdwestdeutschland und S\u00fcdfrankreich.","breadcrumb":{"@id":"https:\/\/www.x-tremetuning.ch\/de\/#breadcrumb"},"inLanguage":"de","potentialAction":[{"@type":"ReadAction","target":["https:\/\/www.x-tremetuning.ch\/de\/"]}]},{"@type":"BreadcrumbList","@id":"https:\/\/www.x-tremetuning.ch\/de\/#breadcrumb","itemListElement":[{"@type":"ListItem","position":1,"name":"Startseite","item":"https:\/\/www.x-tremetuning.ch\/de\/"},{"@type":"ListItem","position":2,"name":"Startseite"}]},{"@type":"WebSite","@id":"https:\/\/www.x-tremetuning.ch\/de\/#website","url":"https:\/\/www.x-tremetuning.ch\/de\/","name":"X-tremeTuning IT-Solutions","description":"Ihr Spezialist f&uuml;r Media, Webdesign und Sicherheitssysteme","potentialAction":[{"@type":"SearchAction","target":{"@type":"EntryPoint","urlTemplate":"https:\/\/www.x-tremetuning.ch\/de\/?s={search_term_string}"},"query-input":{"@type":"PropertyValueSpecification","valueRequired":true,"valueName":"search_term_string"}}],"inLanguage":"de"}]}},"_links":{"self":[{"href":"https:\/\/mail.x-tremetuning.ch\/de\/wp-json\/wp\/v2\/pages\/1000000000","targetHints":{"allow":["GET"]}}],"collection":[{"href":"https:\/\/mail.x-tremetuning.ch\/de\/wp-json\/wp\/v2\/pages"}],"about":[{"href":"https:\/\/mail.x-tremetuning.ch\/de\/wp-json\/wp\/v2\/types\/page"}],"author":[{"embeddable":true,"href":"https:\/\/mail.x-tremetuning.ch\/de\/wp-json\/wp\/v2\/users\/1"}],"replies":[{"embeddable":true,"href":"https:\/\/mail.x-tremetuning.ch\/de\/wp-json\/wp\/v2\/comments?post=1000000000"}],"version-history":[{"count":0,"href":"https:\/\/mail.x-tremetuning.ch\/de\/wp-json\/wp\/v2\/pages\/1000000000\/revisions"}],"wp:attachment":[{"href":"https:\/\/mail.x-tremetuning.ch\/de\/wp-json\/wp\/v2\/media?parent=1000000000"}],"curies":[{"name":"wp","href":"https:\/\/api.w.org\/{rel}","templated":true}]}}