{"id":1000000000,"date":"2025-03-28T01:00:00","date_gmt":"2025-03-28T00:00:00","guid":{"rendered":"https:\/\/www.sunaelivagar-mc.com\/de\/?page_id=1000000000"},"modified":"2025-03-30T09:41:35","modified_gmt":"2025-03-30T07:41:35","slug":"p-00000000","status":"publish","type":"page","link":"https:\/\/mail.x-tremetuning.ch\/fr\/","title":{"rendered":"Page d&rsquo;accueil"},"content":{"rendered":"","protected":false},"excerpt":{"rendered":"","protected":false},"author":1,"featured_media":0,"parent":0,"menu_order":1,"comment_status":"closed","ping_status":"closed","template":"","meta":{"footnotes":""},"class_list":["post-1000000000","page","type-page","status-publish","hentry"],"yoast_head":"<!-- This site is optimized with the Yoast SEO plugin v27.4 - https:\/\/yoast.com\/product\/yoast-seo-wordpress\/ -->\n<title>X-tremeTuning IT-Solutions - Votre sp&eacute;cialiste des m&eacute;dias, du design web et des syst&egrave;mes de s&eacute;curit&eacute;<\/title>\n<meta name=\"description\" content=\"X-tremeTuning IT-Solutions, bas\u00e9 en Suisse, est le sp\u00e9cialiste des m\u00e9dias, du design web et des syst\u00e8mes de s\u00e9curit\u00e9 pour la maison, l&#039;entreprise ou en d\u00e9placement. Il est \u00e9galement actif dans le sud-ouest de l&#039;Allemagne et le sud de la France.\" \/>\n<meta name=\"robots\" content=\"index, follow, max-snippet:-1, max-image-preview:large, max-video-preview:-1\" \/>\n<link rel=\"canonical\" href=\"https:\/\/www.x-tremetuning.ch\/fr\/\" \/>\n<meta property=\"og:locale\" content=\"fr_FR\" \/>\n<meta property=\"og:type\" content=\"article\" \/>\n<meta property=\"og:title\" content=\"X-tremeTuning IT-Solutions - Votre sp&eacute;cialiste des m&eacute;dias, du design web et des syst&egrave;mes de s&eacute;curit&eacute;\" \/>\n<meta property=\"og:description\" content=\"X-tremeTuning IT-Solutions, bas\u00e9 en Suisse, est le sp\u00e9cialiste des m\u00e9dias, du design web et des syst\u00e8mes de s\u00e9curit\u00e9 pour la maison, l&#039;entreprise ou en d\u00e9placement. Il est \u00e9galement actif dans le sud-ouest de l&#039;Allemagne et le sud de la France.\" \/>\n<meta property=\"og:url\" content=\"https:\/\/www.x-tremetuning.ch\/fr\/\" \/>\n<meta property=\"og:site_name\" content=\"X-tremeTuning IT-Solutions\" \/>\n<meta property=\"article:modified_time\" content=\"2025-03-30T07:41:35+00:00\" \/>\n<meta property=\"og:image\" content=\"https:\/\/www.x-tremetuning.ch\/general\/images\/divers\/1000000300.png\" \/>\n\t<meta property=\"og:image:width\" content=\"200\" \/>\n\t<meta property=\"og:image:height\" content=\"200\" \/>\n\t<meta property=\"og:image:type\" content=\"image\/png\" \/>\n<meta name=\"twitter:card\" content=\"summary_large_image\" \/>\n<meta name=\"twitter:title\" content=\"X-tremeTuning IT-Solutions - Votre sp&eacute;cialiste des m&eacute;dias, du design web et des syst&egrave;mes de s&eacute;curit&eacute;\" \/>\n<meta name=\"twitter:description\" content=\"X-tremeTuning IT-Solutions, bas\u00e9 en Suisse, est le sp\u00e9cialiste des m\u00e9dias, du design web et des syst\u00e8mes de s\u00e9curit\u00e9 pour la maison, l&#039;entreprise ou en d\u00e9placement. Il est \u00e9galement actif dans le sud-ouest de l&#039;Allemagne et le sud de la France.\" \/>\n<meta name=\"twitter:image\" content=\"https:\/\/www.x-tremetuning.ch\/general\/images\/divers\/1000000300.png\" \/>\n<script type=\"application\/ld+json\" class=\"yoast-schema-graph\">{\"@context\":\"https:\\\/\\\/schema.org\",\"@graph\":[{\"@type\":\"WebPage\",\"@id\":\"https:\\\/\\\/www.x-tremetuning.ch\\\/fr\\\/\",\"url\":\"https:\\\/\\\/www.x-tremetuning.ch\\\/fr\\\/\",\"name\":\"X-tremeTuning IT-Solutions - Votre sp&eacute;cialiste des m&eacute;dias, du design web et des syst&egrave;mes de s&eacute;curit&eacute;\",\"isPartOf\":{\"@id\":\"https:\\\/\\\/www.x-tremetuning.ch\\\/fr\\\/#website\"},\"datePublished\":\"2025-03-28T00:00:00+00:00\",\"dateModified\":\"2025-03-30T07:41:35+00:00\",\"description\":\"X-tremeTuning IT-Solutions, bas\u00e9 en Suisse, est le sp\u00e9cialiste des m\u00e9dias, du design web et des syst\u00e8mes de s\u00e9curit\u00e9 pour la maison, l'entreprise ou en d\u00e9placement. Il est \u00e9galement actif dans le sud-ouest de l'Allemagne et le sud de la France.\",\"breadcrumb\":{\"@id\":\"https:\\\/\\\/www.x-tremetuning.ch\\\/fr\\\/#breadcrumb\"},\"inLanguage\":\"fr-FR\",\"potentialAction\":[{\"@type\":\"ReadAction\",\"target\":[\"https:\\\/\\\/www.x-tremetuning.ch\\\/fr\\\/\"]}]},{\"@type\":\"BreadcrumbList\",\"@id\":\"https:\\\/\\\/www.x-tremetuning.ch\\\/fr\\\/#breadcrumb\",\"itemListElement\":[{\"@type\":\"ListItem\",\"position\":1,\"name\":\"Accueil\",\"item\":\"https:\\\/\\\/www.x-tremetuning.ch\\\/fr\\\/\"},{\"@type\":\"ListItem\",\"position\":2,\"name\":\"Page d&rsquo;accueil\"}]},{\"@type\":\"WebSite\",\"@id\":\"https:\\\/\\\/www.x-tremetuning.ch\\\/fr\\\/#website\",\"url\":\"https:\\\/\\\/www.x-tremetuning.ch\\\/fr\\\/\",\"name\":\"X-tremeTuning IT-Solutions\",\"description\":\"Votre sp&eacute;cialiste des m&eacute;dias, du design web et des syst&egrave;mes de s&eacute;curit&eacute;\",\"potentialAction\":[{\"@type\":\"SearchAction\",\"target\":{\"@type\":\"EntryPoint\",\"urlTemplate\":\"https:\\\/\\\/www.x-tremetuning.ch\\\/fr\\\/?s={search_term_string}\"},\"query-input\":{\"@type\":\"PropertyValueSpecification\",\"valueRequired\":true,\"valueName\":\"search_term_string\"}}],\"inLanguage\":\"fr-FR\"}]}<\/script>\n<!-- \/ Yoast SEO plugin. -->","yoast_head_json":{"title":"X-tremeTuning IT-Solutions - Votre sp&eacute;cialiste des m&eacute;dias, du design web et des syst&egrave;mes de s&eacute;curit&eacute;","description":"X-tremeTuning IT-Solutions, bas\u00e9 en Suisse, est le sp\u00e9cialiste des m\u00e9dias, du design web et des syst\u00e8mes de s\u00e9curit\u00e9 pour la maison, l'entreprise ou en d\u00e9placement. Il est \u00e9galement actif dans le sud-ouest de l'Allemagne et le sud de la France.","robots":{"index":"index","follow":"follow","max-snippet":"max-snippet:-1","max-image-preview":"max-image-preview:large","max-video-preview":"max-video-preview:-1"},"canonical":"https:\/\/www.x-tremetuning.ch\/fr\/","og_locale":"fr_FR","og_type":"article","og_title":"X-tremeTuning IT-Solutions - Votre sp&eacute;cialiste des m&eacute;dias, du design web et des syst&egrave;mes de s&eacute;curit&eacute;","og_description":"X-tremeTuning IT-Solutions, bas\u00e9 en Suisse, est le sp\u00e9cialiste des m\u00e9dias, du design web et des syst\u00e8mes de s\u00e9curit\u00e9 pour la maison, l'entreprise ou en d\u00e9placement. Il est \u00e9galement actif dans le sud-ouest de l'Allemagne et le sud de la France.","og_url":"https:\/\/www.x-tremetuning.ch\/fr\/","og_site_name":"X-tremeTuning IT-Solutions","article_modified_time":"2025-03-30T07:41:35+00:00","og_image":[{"width":200,"height":200,"url":"https:\/\/www.x-tremetuning.ch\/general\/images\/divers\/1000000300.png","type":"image\/png"}],"twitter_card":"summary_large_image","twitter_title":"X-tremeTuning IT-Solutions - Votre sp&eacute;cialiste des m&eacute;dias, du design web et des syst&egrave;mes de s&eacute;curit&eacute;","twitter_description":"X-tremeTuning IT-Solutions, bas\u00e9 en Suisse, est le sp\u00e9cialiste des m\u00e9dias, du design web et des syst\u00e8mes de s\u00e9curit\u00e9 pour la maison, l'entreprise ou en d\u00e9placement. Il est \u00e9galement actif dans le sud-ouest de l'Allemagne et le sud de la France.","twitter_image":"https:\/\/www.x-tremetuning.ch\/general\/images\/divers\/1000000300.png","schema":{"@context":"https:\/\/schema.org","@graph":[{"@type":"WebPage","@id":"https:\/\/www.x-tremetuning.ch\/fr\/","url":"https:\/\/www.x-tremetuning.ch\/fr\/","name":"X-tremeTuning IT-Solutions - Votre sp&eacute;cialiste des m&eacute;dias, du design web et des syst&egrave;mes de s&eacute;curit&eacute;","isPartOf":{"@id":"https:\/\/www.x-tremetuning.ch\/fr\/#website"},"datePublished":"2025-03-28T00:00:00+00:00","dateModified":"2025-03-30T07:41:35+00:00","description":"X-tremeTuning IT-Solutions, bas\u00e9 en Suisse, est le sp\u00e9cialiste des m\u00e9dias, du design web et des syst\u00e8mes de s\u00e9curit\u00e9 pour la maison, l'entreprise ou en d\u00e9placement. Il est \u00e9galement actif dans le sud-ouest de l'Allemagne et le sud de la France.","breadcrumb":{"@id":"https:\/\/www.x-tremetuning.ch\/fr\/#breadcrumb"},"inLanguage":"fr-FR","potentialAction":[{"@type":"ReadAction","target":["https:\/\/www.x-tremetuning.ch\/fr\/"]}]},{"@type":"BreadcrumbList","@id":"https:\/\/www.x-tremetuning.ch\/fr\/#breadcrumb","itemListElement":[{"@type":"ListItem","position":1,"name":"Accueil","item":"https:\/\/www.x-tremetuning.ch\/fr\/"},{"@type":"ListItem","position":2,"name":"Page d&rsquo;accueil"}]},{"@type":"WebSite","@id":"https:\/\/www.x-tremetuning.ch\/fr\/#website","url":"https:\/\/www.x-tremetuning.ch\/fr\/","name":"X-tremeTuning IT-Solutions","description":"Votre sp&eacute;cialiste des m&eacute;dias, du design web et des syst&egrave;mes de s&eacute;curit&eacute;","potentialAction":[{"@type":"SearchAction","target":{"@type":"EntryPoint","urlTemplate":"https:\/\/www.x-tremetuning.ch\/fr\/?s={search_term_string}"},"query-input":{"@type":"PropertyValueSpecification","valueRequired":true,"valueName":"search_term_string"}}],"inLanguage":"fr-FR"}]}},"_links":{"self":[{"href":"https:\/\/mail.x-tremetuning.ch\/fr\/wp-json\/wp\/v2\/pages\/1000000000","targetHints":{"allow":["GET"]}}],"collection":[{"href":"https:\/\/mail.x-tremetuning.ch\/fr\/wp-json\/wp\/v2\/pages"}],"about":[{"href":"https:\/\/mail.x-tremetuning.ch\/fr\/wp-json\/wp\/v2\/types\/page"}],"author":[{"embeddable":true,"href":"https:\/\/mail.x-tremetuning.ch\/fr\/wp-json\/wp\/v2\/users\/1"}],"replies":[{"embeddable":true,"href":"https:\/\/mail.x-tremetuning.ch\/fr\/wp-json\/wp\/v2\/comments?post=1000000000"}],"version-history":[{"count":0,"href":"https:\/\/mail.x-tremetuning.ch\/fr\/wp-json\/wp\/v2\/pages\/1000000000\/revisions"}],"wp:attachment":[{"href":"https:\/\/mail.x-tremetuning.ch\/fr\/wp-json\/wp\/v2\/media?parent=1000000000"}],"curies":[{"name":"wp","href":"https:\/\/api.w.org\/{rel}","templated":true}]}}